{"id":2687,"date":"2020-04-01T11:03:16","date_gmt":"2020-04-01T09:03:16","guid":{"rendered":"https:\/\/jardindesoliviers.be\/produit\/huile-dolive-vierge-extra-750ml\/"},"modified":"2025-02-03T10:28:31","modified_gmt":"2025-02-03T09:28:31","slug":"huile-dolive-vierge-extra-750ml","status":"publish","type":"product","link":"https:\/\/jardindesoliviers.be\/fr\/produit\/huile-dolive-vierge-extra-750ml\/","title":{"rendered":"Huile d&rsquo;Olive Extra Vierge 750ml"},"content":{"rendered":"<p>Produite de mani\u00e8re artisanale \u00e0 Civitacampomarano (Molise) et exclusivement \u00e0 partir d&rsquo;olives r\u00e9colt\u00e9es sur place. Taux d&rsquo;acidit\u00e9 r\u00e9colte 2019: 0,2%<\/p>\n","protected":false},"excerpt":{"rendered":"<p>Produite de mani\u00e8re artisanale \u00e0 Civitacampomarano (Molise) et exclusivement \u00e0 partir d&rsquo;olives r\u00e9colt\u00e9es sur place. Taux d&rsquo;acidit\u00e9 r\u00e9colte 2019: 0,2%<\/p>\n","protected":false},"featured_media":2986,"comment_status":"closed","ping_status":"closed","template":"","meta":{"wds_primary_product_cat":0},"product_cat":[36],"product_tag":[],"class_list":["post-2687","product","type-product","status-publish","has-post-thumbnail","hentry","product_cat-huiles"],"_links":{"self":[{"href":"https:\/\/jardindesoliviers.be\/fr\/wp-json\/wp\/v2\/product\/2687","targetHints":{"allow":["GET"]}}],"collection":[{"href":"https:\/\/jardindesoliviers.be\/fr\/wp-json\/wp\/v2\/product"}],"about":[{"href":"https:\/\/jardindesoliviers.be\/fr\/wp-json\/wp\/v2\/types\/product"}],"replies":[{"embeddable":true,"href":"https:\/\/jardindesoliviers.be\/fr\/wp-json\/wp\/v2\/comments?post=2687"}],"wp:featuredmedia":[{"embeddable":true,"href":"https:\/\/jardindesoliviers.be\/fr\/wp-json\/wp\/v2\/media\/2986"}],"wp:attachment":[{"href":"https:\/\/jardindesoliviers.be\/fr\/wp-json\/wp\/v2\/media?parent=2687"}],"wp:term":[{"taxonomy":"product_cat","embeddable":true,"href":"https:\/\/jardindesoliviers.be\/fr\/wp-json\/wp\/v2\/product_cat?post=2687"},{"taxonomy":"product_tag","embeddable":true,"href":"https:\/\/jardindesoliviers.be\/fr\/wp-json\/wp\/v2\/product_tag?post=2687"}],"curies":[{"name":"wp","href":"https:\/\/api.w.org\/{rel}","templated":true}]}}