{"id":2873,"date":"2020-05-19T14:11:14","date_gmt":"2020-05-19T12:11:14","guid":{"rendered":"https:\/\/jardindesoliviers.be\/?post_type=product&#038;p=2873"},"modified":"2024-12-28T15:56:50","modified_gmt":"2024-12-28T14:56:50","slug":"sugo-pronto-di-pomodorini-basilico-320g","status":"publish","type":"product","link":"https:\/\/jardindesoliviers.be\/fr\/produit\/sugo-pronto-di-pomodorini-basilico-320g\/","title":{"rendered":"Sauce tomate au basilic 320g"},"content":{"rendered":"","protected":false},"excerpt":{"rendered":"<p>Sauce tomate d\u00e9j\u00e0 pr\u00eate. Parfaite pour vos p\u00e2tes ou vos pizzas.<\/p>\n","protected":false},"featured_media":2910,"comment_status":"closed","ping_status":"closed","template":"","meta":{"wds_primary_product_cat":0},"product_cat":[38],"product_tag":[],"class_list":["post-2873","product","type-product","status-publish","has-post-thumbnail","hentry","product_cat-huiles-produits"],"_links":{"self":[{"href":"https:\/\/jardindesoliviers.be\/fr\/wp-json\/wp\/v2\/product\/2873","targetHints":{"allow":["GET"]}}],"collection":[{"href":"https:\/\/jardindesoliviers.be\/fr\/wp-json\/wp\/v2\/product"}],"about":[{"href":"https:\/\/jardindesoliviers.be\/fr\/wp-json\/wp\/v2\/types\/product"}],"replies":[{"embeddable":true,"href":"https:\/\/jardindesoliviers.be\/fr\/wp-json\/wp\/v2\/comments?post=2873"}],"wp:featuredmedia":[{"embeddable":true,"href":"https:\/\/jardindesoliviers.be\/fr\/wp-json\/wp\/v2\/media\/2910"}],"wp:attachment":[{"href":"https:\/\/jardindesoliviers.be\/fr\/wp-json\/wp\/v2\/media?parent=2873"}],"wp:term":[{"taxonomy":"product_cat","embeddable":true,"href":"https:\/\/jardindesoliviers.be\/fr\/wp-json\/wp\/v2\/product_cat?post=2873"},{"taxonomy":"product_tag","embeddable":true,"href":"https:\/\/jardindesoliviers.be\/fr\/wp-json\/wp\/v2\/product_tag?post=2873"}],"curies":[{"name":"wp","href":"https:\/\/api.w.org\/{rel}","templated":true}]}}