{"id":2993,"date":"2020-05-27T16:52:20","date_gmt":"2020-05-27T14:52:20","guid":{"rendered":"https:\/\/jardindesoliviers.be\/?post_type=product&#038;p=2993"},"modified":"2023-11-21T16:43:57","modified_gmt":"2023-11-21T15:43:57","slug":"pizza-fraiche-a-garnir-4x250g","status":"publish","type":"product","link":"https:\/\/jardindesoliviers.be\/fr\/produit\/pizza-fraiche-a-garnir-4x250g\/","title":{"rendered":"Pizza fra\u00eeche \u00e0 garnir (4x250g)"},"content":{"rendered":"<p>4 pizzas de 250g \u00e0 garnir soi-m\u00eame. 5-6 minutes au four \u00e0 Tmax. P\u00e2te de qualit\u00e9 extra<\/p>\n","protected":false},"excerpt":{"rendered":"<p>4 pizzas de 250g \u00e0 garnir soi-m\u00eame. 5-6 minutes au four \u00e0 Tmax. P\u00e2te de qualit\u00e9 extra<\/p>\n","protected":false},"featured_media":2994,"comment_status":"closed","ping_status":"closed","template":"","meta":{"wds_primary_product_cat":0},"product_cat":[33],"product_tag":[],"class_list":["post-2993","product","type-product","status-publish","has-post-thumbnail","hentry","product_cat-frais"],"_links":{"self":[{"href":"https:\/\/jardindesoliviers.be\/fr\/wp-json\/wp\/v2\/product\/2993","targetHints":{"allow":["GET"]}}],"collection":[{"href":"https:\/\/jardindesoliviers.be\/fr\/wp-json\/wp\/v2\/product"}],"about":[{"href":"https:\/\/jardindesoliviers.be\/fr\/wp-json\/wp\/v2\/types\/product"}],"replies":[{"embeddable":true,"href":"https:\/\/jardindesoliviers.be\/fr\/wp-json\/wp\/v2\/comments?post=2993"}],"wp:featuredmedia":[{"embeddable":true,"href":"https:\/\/jardindesoliviers.be\/fr\/wp-json\/wp\/v2\/media\/2994"}],"wp:attachment":[{"href":"https:\/\/jardindesoliviers.be\/fr\/wp-json\/wp\/v2\/media?parent=2993"}],"wp:term":[{"taxonomy":"product_cat","embeddable":true,"href":"https:\/\/jardindesoliviers.be\/fr\/wp-json\/wp\/v2\/product_cat?post=2993"},{"taxonomy":"product_tag","embeddable":true,"href":"https:\/\/jardindesoliviers.be\/fr\/wp-json\/wp\/v2\/product_tag?post=2993"}],"curies":[{"name":"wp","href":"https:\/\/api.w.org\/{rel}","templated":true}]}}