{"id":3018,"date":"2020-07-02T12:04:05","date_gmt":"2020-07-02T10:04:05","guid":{"rendered":"https:\/\/jardindesoliviers.be\/?post_type=product&#038;p=3018"},"modified":"2023-11-25T17:01:09","modified_gmt":"2023-11-25T16:01:09","slug":"carboncino","status":"publish","type":"product","link":"https:\/\/jardindesoliviers.be\/fr\/produit\/carboncino\/","title":{"rendered":"Carboncino (vache\/brebis\/ch\u00e8vre)"},"content":{"rendered":"<p>Fromage au lait pasteuris\u00e9 de vache, brebis et ch\u00e8vre. Prix au kg\u00a0 (+\/- 180g)<\/p>\n","protected":false},"excerpt":{"rendered":"<p>Fromage au lait pasteuris\u00e9 de vache, brebis et ch\u00e8vre. Prix au kg\u00a0 (+\/- 180g)<\/p>\n","protected":false},"featured_media":3014,"comment_status":"closed","ping_status":"closed","template":"","meta":{"wds_primary_product_cat":0},"product_cat":[34],"product_tag":[],"class_list":["post-3018","product","type-product","status-publish","has-post-thumbnail","hentry","product_cat-fromages"],"_links":{"self":[{"href":"https:\/\/jardindesoliviers.be\/fr\/wp-json\/wp\/v2\/product\/3018","targetHints":{"allow":["GET"]}}],"collection":[{"href":"https:\/\/jardindesoliviers.be\/fr\/wp-json\/wp\/v2\/product"}],"about":[{"href":"https:\/\/jardindesoliviers.be\/fr\/wp-json\/wp\/v2\/types\/product"}],"replies":[{"embeddable":true,"href":"https:\/\/jardindesoliviers.be\/fr\/wp-json\/wp\/v2\/comments?post=3018"}],"wp:featuredmedia":[{"embeddable":true,"href":"https:\/\/jardindesoliviers.be\/fr\/wp-json\/wp\/v2\/media\/3014"}],"wp:attachment":[{"href":"https:\/\/jardindesoliviers.be\/fr\/wp-json\/wp\/v2\/media?parent=3018"}],"wp:term":[{"taxonomy":"product_cat","embeddable":true,"href":"https:\/\/jardindesoliviers.be\/fr\/wp-json\/wp\/v2\/product_cat?post=3018"},{"taxonomy":"product_tag","embeddable":true,"href":"https:\/\/jardindesoliviers.be\/fr\/wp-json\/wp\/v2\/product_tag?post=3018"}],"curies":[{"name":"wp","href":"https:\/\/api.w.org\/{rel}","templated":true}]}}