{"id":3303,"date":"2021-07-30T15:53:24","date_gmt":"2021-07-30T13:53:24","guid":{"rendered":"https:\/\/jardindesoliviers.be\/?post_type=product&#038;p=3303"},"modified":"2026-01-12T18:22:41","modified_gmt":"2026-01-12T17:22:41","slug":"gambero-rosso-nudocrudo-902g","status":"publish","type":"product","link":"https:\/\/jardindesoliviers.be\/fr\/produit\/gambero-rosso-nudocrudo-902g\/","title":{"rendered":"Gambero Rosso Nudo&#038;Crudo (902g)"},"content":{"rendered":"<p>Gambero rosso di Mazara cru et d\u00e9cortiqu\u00e9. Conditionnement en sachets sous vide de 11x82g. ATTENTION! Produit congel\u00e9.<\/p>\n","protected":false},"excerpt":{"rendered":"<p>Gambero rosso di Mazara cru et d\u00e9cortiqu\u00e9. Conditionnement en sachets sous vide de 11x82g. ATTENTION! Produit congel\u00e9.<\/p>\n","protected":false},"featured_media":3310,"comment_status":"closed","ping_status":"closed","template":"","meta":{"wds_primary_product_cat":0},"product_cat":[61],"product_tag":[],"class_list":["post-3303","product","type-product","status-publish","has-post-thumbnail","hentry","product_cat-surgele"],"_links":{"self":[{"href":"https:\/\/jardindesoliviers.be\/fr\/wp-json\/wp\/v2\/product\/3303","targetHints":{"allow":["GET"]}}],"collection":[{"href":"https:\/\/jardindesoliviers.be\/fr\/wp-json\/wp\/v2\/product"}],"about":[{"href":"https:\/\/jardindesoliviers.be\/fr\/wp-json\/wp\/v2\/types\/product"}],"replies":[{"embeddable":true,"href":"https:\/\/jardindesoliviers.be\/fr\/wp-json\/wp\/v2\/comments?post=3303"}],"wp:featuredmedia":[{"embeddable":true,"href":"https:\/\/jardindesoliviers.be\/fr\/wp-json\/wp\/v2\/media\/3310"}],"wp:attachment":[{"href":"https:\/\/jardindesoliviers.be\/fr\/wp-json\/wp\/v2\/media?parent=3303"}],"wp:term":[{"taxonomy":"product_cat","embeddable":true,"href":"https:\/\/jardindesoliviers.be\/fr\/wp-json\/wp\/v2\/product_cat?post=3303"},{"taxonomy":"product_tag","embeddable":true,"href":"https:\/\/jardindesoliviers.be\/fr\/wp-json\/wp\/v2\/product_tag?post=3303"}],"curies":[{"name":"wp","href":"https:\/\/api.w.org\/{rel}","templated":true}]}}