{"id":3601,"date":"2023-11-24T18:24:06","date_gmt":"2023-11-24T17:24:06","guid":{"rendered":"https:\/\/jardindesoliviers.be\/?post_type=product&#038;p=3601"},"modified":"2024-12-28T16:31:43","modified_gmt":"2024-12-28T15:31:43","slug":"salchichon-iberico-bellota-pretranche-100g","status":"publish","type":"product","link":"https:\/\/jardindesoliviers.be\/fr\/produit\/salchichon-iberico-bellota-pretranche-100g\/","title":{"rendered":"Salchichon Iberico BELLOTA (pr\u00e9tranch\u00e9 100g)"},"content":{"rendered":"<p>Prix pour 100g pr\u00e9tranch\u00e9s<\/p>\n","protected":false},"excerpt":{"rendered":"<p>Prix pour 100g pr\u00e9tranch\u00e9s<\/p>\n","protected":false},"featured_media":3585,"comment_status":"open","ping_status":"closed","template":"","meta":{"wds_primary_product_cat":0},"product_cat":[42],"product_tag":[],"class_list":["post-3601","product","type-product","status-publish","has-post-thumbnail","hentry","product_cat-salaisons"],"_links":{"self":[{"href":"https:\/\/jardindesoliviers.be\/fr\/wp-json\/wp\/v2\/product\/3601","targetHints":{"allow":["GET"]}}],"collection":[{"href":"https:\/\/jardindesoliviers.be\/fr\/wp-json\/wp\/v2\/product"}],"about":[{"href":"https:\/\/jardindesoliviers.be\/fr\/wp-json\/wp\/v2\/types\/product"}],"replies":[{"embeddable":true,"href":"https:\/\/jardindesoliviers.be\/fr\/wp-json\/wp\/v2\/comments?post=3601"}],"wp:featuredmedia":[{"embeddable":true,"href":"https:\/\/jardindesoliviers.be\/fr\/wp-json\/wp\/v2\/media\/3585"}],"wp:attachment":[{"href":"https:\/\/jardindesoliviers.be\/fr\/wp-json\/wp\/v2\/media?parent=3601"}],"wp:term":[{"taxonomy":"product_cat","embeddable":true,"href":"https:\/\/jardindesoliviers.be\/fr\/wp-json\/wp\/v2\/product_cat?post=3601"},{"taxonomy":"product_tag","embeddable":true,"href":"https:\/\/jardindesoliviers.be\/fr\/wp-json\/wp\/v2\/product_tag?post=3601"}],"curies":[{"name":"wp","href":"https:\/\/api.w.org\/{rel}","templated":true}]}}