{"id":2689,"date":"2020-04-01T11:03:16","date_gmt":"2020-04-01T09:03:16","guid":{"rendered":"https:\/\/jardindesoliviers.be\/produit\/huile-dolive-vierge-extra-370ml\/"},"modified":"2025-02-03T10:28:49","modified_gmt":"2025-02-03T09:28:49","slug":"huile-dolive-vierge-extra-370ml","status":"publish","type":"product","link":"https:\/\/jardindesoliviers.be\/nl\/produit\/huile-dolive-vierge-extra-370ml\/","title":{"rendered":"Huile d&#8217;Olive Extra Vierge 370ml"},"content":{"rendered":"<p>Produite de mani\u00e8re artisanale \u00e0 Civitacampomarano (Molise) et exclusivement \u00e0 partir d&#8217;olives r\u00e9colt\u00e9es sur place. Taux d&#8217;acidit\u00e9 r\u00e9colte 2019: 0,2%<\/p>\n","protected":false},"excerpt":{"rendered":"<p>Produite de mani\u00e8re artisanale \u00e0 Civitacampomarano (Molise) et exclusivement \u00e0 partir d&#8217;olives r\u00e9colt\u00e9es sur place. Taux d&#8217;acidit\u00e9 r\u00e9colte 2019: 0,2%<\/p>\n","protected":false},"featured_media":2988,"comment_status":"closed","ping_status":"closed","template":"","meta":{"wds_primary_product_cat":0},"product_cat":[36],"product_tag":[],"class_list":["post-2689","product","type-product","status-publish","has-post-thumbnail","hentry","product_cat-huiles"],"_links":{"self":[{"href":"https:\/\/jardindesoliviers.be\/nl\/wp-json\/wp\/v2\/product\/2689","targetHints":{"allow":["GET"]}}],"collection":[{"href":"https:\/\/jardindesoliviers.be\/nl\/wp-json\/wp\/v2\/product"}],"about":[{"href":"https:\/\/jardindesoliviers.be\/nl\/wp-json\/wp\/v2\/types\/product"}],"replies":[{"embeddable":true,"href":"https:\/\/jardindesoliviers.be\/nl\/wp-json\/wp\/v2\/comments?post=2689"}],"wp:featuredmedia":[{"embeddable":true,"href":"https:\/\/jardindesoliviers.be\/nl\/wp-json\/wp\/v2\/media\/2988"}],"wp:attachment":[{"href":"https:\/\/jardindesoliviers.be\/nl\/wp-json\/wp\/v2\/media?parent=2689"}],"wp:term":[{"taxonomy":"product_cat","embeddable":true,"href":"https:\/\/jardindesoliviers.be\/nl\/wp-json\/wp\/v2\/product_cat?post=2689"},{"taxonomy":"product_tag","embeddable":true,"href":"https:\/\/jardindesoliviers.be\/nl\/wp-json\/wp\/v2\/product_tag?post=2689"}],"curies":[{"name":"wp","href":"https:\/\/api.w.org\/{rel}","templated":true}]}}