{"id":2703,"date":"2020-04-01T11:03:17","date_gmt":"2020-04-01T09:03:17","guid":{"rendered":"https:\/\/jardindesoliviers.be\/produit\/panier-iv-delices\/"},"modified":"2022-11-04T17:26:10","modified_gmt":"2022-11-04T16:26:10","slug":"panier-iv-delices","status":"publish","type":"product","link":"https:\/\/jardindesoliviers.be\/nl\/produit\/panier-iv-delices\/","title":{"rendered":"Panier cadeau au choix"},"content":{"rendered":"<p>Panier compos\u00e9 de tous nos articles AU CHOIX, pour tous les budgets! Paniers pr\u00eats \u00e0 emporter disponibles aussi!<\/p>\n","protected":false},"excerpt":{"rendered":"<p>Panier compos\u00e9 de tous nos articles AU CHOIX, pour tous les budgets! Paniers pr\u00eats \u00e0 emporter disponibles aussi!<\/p>\n","protected":false},"featured_media":3352,"comment_status":"closed","ping_status":"closed","template":"","meta":{"wds_primary_product_cat":0},"product_cat":[54],"product_tag":[],"class_list":["post-2703","product","type-product","status-publish","has-post-thumbnail","hentry","product_cat-panierscadeaux"],"_links":{"self":[{"href":"https:\/\/jardindesoliviers.be\/nl\/wp-json\/wp\/v2\/product\/2703","targetHints":{"allow":["GET"]}}],"collection":[{"href":"https:\/\/jardindesoliviers.be\/nl\/wp-json\/wp\/v2\/product"}],"about":[{"href":"https:\/\/jardindesoliviers.be\/nl\/wp-json\/wp\/v2\/types\/product"}],"replies":[{"embeddable":true,"href":"https:\/\/jardindesoliviers.be\/nl\/wp-json\/wp\/v2\/comments?post=2703"}],"wp:featuredmedia":[{"embeddable":true,"href":"https:\/\/jardindesoliviers.be\/nl\/wp-json\/wp\/v2\/media\/3352"}],"wp:attachment":[{"href":"https:\/\/jardindesoliviers.be\/nl\/wp-json\/wp\/v2\/media?parent=2703"}],"wp:term":[{"taxonomy":"product_cat","embeddable":true,"href":"https:\/\/jardindesoliviers.be\/nl\/wp-json\/wp\/v2\/product_cat?post=2703"},{"taxonomy":"product_tag","embeddable":true,"href":"https:\/\/jardindesoliviers.be\/nl\/wp-json\/wp\/v2\/product_tag?post=2703"}],"curies":[{"name":"wp","href":"https:\/\/api.w.org\/{rel}","templated":true}]}}