{"id":2718,"date":"2020-04-01T11:03:18","date_gmt":"2020-04-01T09:03:18","guid":{"rendered":"https:\/\/jardindesoliviers.be\/produit\/pasta-fresca-tagliolini-kg\/"},"modified":"2023-11-27T16:57:53","modified_gmt":"2023-11-27T15:57:53","slug":"pasta-fresca-tagliolini-kg","status":"publish","type":"product","link":"https:\/\/jardindesoliviers.be\/nl\/produit\/pasta-fresca-tagliolini-kg\/","title":{"rendered":"Tagliolini fra\u00eeches"},"content":{"rendered":"<p>P\u00e2tes artisanales enti\u00e8rement produites \u00e0 la main. Mati\u00e8re premi\u00e8re provenant exclusivement d&#8217;Italie. Conditionn\u00e9 en barquette de 250g ou 1kg. Prix au kg.<\/p>\n","protected":false},"excerpt":{"rendered":"<p>P\u00e2tes artisanales enti\u00e8rement produites \u00e0 la main. Mati\u00e8re premi\u00e8re provenant exclusivement d&#8217;Italie. Conditionn\u00e9 en barquette de 250g ou 1kg. Prix au kg.<\/p>\n","protected":false},"featured_media":1812,"comment_status":"closed","ping_status":"closed","template":"","meta":{"wds_primary_product_cat":0},"product_cat":[39],"product_tag":[],"class_list":["post-2718","product","type-product","status-publish","has-post-thumbnail","hentry","product_cat-pates"],"_links":{"self":[{"href":"https:\/\/jardindesoliviers.be\/nl\/wp-json\/wp\/v2\/product\/2718","targetHints":{"allow":["GET"]}}],"collection":[{"href":"https:\/\/jardindesoliviers.be\/nl\/wp-json\/wp\/v2\/product"}],"about":[{"href":"https:\/\/jardindesoliviers.be\/nl\/wp-json\/wp\/v2\/types\/product"}],"replies":[{"embeddable":true,"href":"https:\/\/jardindesoliviers.be\/nl\/wp-json\/wp\/v2\/comments?post=2718"}],"wp:featuredmedia":[{"embeddable":true,"href":"https:\/\/jardindesoliviers.be\/nl\/wp-json\/wp\/v2\/media\/1812"}],"wp:attachment":[{"href":"https:\/\/jardindesoliviers.be\/nl\/wp-json\/wp\/v2\/media?parent=2718"}],"wp:term":[{"taxonomy":"product_cat","embeddable":true,"href":"https:\/\/jardindesoliviers.be\/nl\/wp-json\/wp\/v2\/product_cat?post=2718"},{"taxonomy":"product_tag","embeddable":true,"href":"https:\/\/jardindesoliviers.be\/nl\/wp-json\/wp\/v2\/product_tag?post=2718"}],"curies":[{"name":"wp","href":"https:\/\/api.w.org\/{rel}","templated":true}]}}