{"id":2726,"date":"2020-04-01T11:03:19","date_gmt":"2020-04-01T09:03:19","guid":{"rendered":"https:\/\/jardindesoliviers.be\/produit\/pasta-fresca-plin-castelmagno-dop-kg\/"},"modified":"2024-12-28T16:25:43","modified_gmt":"2024-12-28T15:25:43","slug":"pasta-fresca-plin-castelmagno-dop-kg","status":"publish","type":"product","link":"https:\/\/jardindesoliviers.be\/nl\/produit\/pasta-fresca-plin-castelmagno-dop-kg\/","title":{"rendered":"Plin al Castelmagno DOP (prix au kg)"},"content":{"rendered":"<p>P\u00e2tes artisanales pi\u00e9montaises fabriqu\u00e9es \u00e0 la main et farcies au Castelmagno (fromage DOP). En paquet de 500g.<\/p>\n","protected":false},"excerpt":{"rendered":"<p>P\u00e2tes artisanales pi\u00e9montaises fabriqu\u00e9es \u00e0 la main et farcies au Castelmagno (fromage DOP). En paquet de 500g.<\/p>\n","protected":false},"featured_media":2032,"comment_status":"closed","ping_status":"closed","template":"","meta":{"wds_primary_product_cat":0},"product_cat":[39],"product_tag":[],"class_list":["post-2726","product","type-product","status-publish","has-post-thumbnail","hentry","product_cat-pates"],"_links":{"self":[{"href":"https:\/\/jardindesoliviers.be\/nl\/wp-json\/wp\/v2\/product\/2726","targetHints":{"allow":["GET"]}}],"collection":[{"href":"https:\/\/jardindesoliviers.be\/nl\/wp-json\/wp\/v2\/product"}],"about":[{"href":"https:\/\/jardindesoliviers.be\/nl\/wp-json\/wp\/v2\/types\/product"}],"replies":[{"embeddable":true,"href":"https:\/\/jardindesoliviers.be\/nl\/wp-json\/wp\/v2\/comments?post=2726"}],"wp:featuredmedia":[{"embeddable":true,"href":"https:\/\/jardindesoliviers.be\/nl\/wp-json\/wp\/v2\/media\/2032"}],"wp:attachment":[{"href":"https:\/\/jardindesoliviers.be\/nl\/wp-json\/wp\/v2\/media?parent=2726"}],"wp:term":[{"taxonomy":"product_cat","embeddable":true,"href":"https:\/\/jardindesoliviers.be\/nl\/wp-json\/wp\/v2\/product_cat?post=2726"},{"taxonomy":"product_tag","embeddable":true,"href":"https:\/\/jardindesoliviers.be\/nl\/wp-json\/wp\/v2\/product_tag?post=2726"}],"curies":[{"name":"wp","href":"https:\/\/api.w.org\/{rel}","templated":true}]}}