{"id":2740,"date":"2020-04-01T11:03:20","date_gmt":"2020-04-01T09:03:20","guid":{"rendered":"https:\/\/jardindesoliviers.be\/produit\/riz-acquerello-1kg\/"},"modified":"2025-01-04T12:10:13","modified_gmt":"2025-01-04T11:10:13","slug":"riz-acquerello-1kg","status":"publish","type":"product","link":"https:\/\/jardindesoliviers.be\/nl\/produit\/riz-acquerello-1kg\/","title":{"rendered":"Riz Acquerello 1kg"},"content":{"rendered":"<p>Riz de type Carnaroli, vieilli un an minimum en silo r\u00e9frig\u00e9r\u00e9 pour une meilleure tenue de l&#8217;amidon. Qualit\u00e9 extra.<\/p>\n","protected":false},"excerpt":{"rendered":"<p>Riz de type Carnaroli, vieilli un an minimum en silo r\u00e9frig\u00e9r\u00e9 pour une meilleure tenue de l&#8217;amidon. Qualit\u00e9 extra.<\/p>\n","protected":false},"featured_media":1978,"comment_status":"closed","ping_status":"closed","template":"","meta":{"wds_primary_product_cat":0},"product_cat":[41],"product_tag":[],"class_list":["post-2740","product","type-product","status-publish","has-post-thumbnail","hentry","product_cat-riz"],"_links":{"self":[{"href":"https:\/\/jardindesoliviers.be\/nl\/wp-json\/wp\/v2\/product\/2740","targetHints":{"allow":["GET"]}}],"collection":[{"href":"https:\/\/jardindesoliviers.be\/nl\/wp-json\/wp\/v2\/product"}],"about":[{"href":"https:\/\/jardindesoliviers.be\/nl\/wp-json\/wp\/v2\/types\/product"}],"replies":[{"embeddable":true,"href":"https:\/\/jardindesoliviers.be\/nl\/wp-json\/wp\/v2\/comments?post=2740"}],"wp:featuredmedia":[{"embeddable":true,"href":"https:\/\/jardindesoliviers.be\/nl\/wp-json\/wp\/v2\/media\/1978"}],"wp:attachment":[{"href":"https:\/\/jardindesoliviers.be\/nl\/wp-json\/wp\/v2\/media?parent=2740"}],"wp:term":[{"taxonomy":"product_cat","embeddable":true,"href":"https:\/\/jardindesoliviers.be\/nl\/wp-json\/wp\/v2\/product_cat?post=2740"},{"taxonomy":"product_tag","embeddable":true,"href":"https:\/\/jardindesoliviers.be\/nl\/wp-json\/wp\/v2\/product_tag?post=2740"}],"curies":[{"name":"wp","href":"https:\/\/api.w.org\/{rel}","templated":true}]}}