{"id":2817,"date":"2020-04-01T11:03:26","date_gmt":"2020-04-01T09:03:26","guid":{"rendered":"https:\/\/jardindesoliviers.be\/produit\/grappa-ginepro-40\/"},"modified":"2022-11-04T17:13:43","modified_gmt":"2022-11-04T16:13:43","slug":"grappa-ginepro-40","status":"publish","type":"product","link":"https:\/\/jardindesoliviers.be\/nl\/produit\/grappa-ginepro-40\/","title":{"rendered":"Vins et alcools d&#8217;Italie"},"content":{"rendered":"<p>Grande s\u00e9lection soign\u00e9e de vins, alcools et mousseux pour toutes les occasions. Conseils avis\u00e9s pour les accords mets\/vins.<\/p>\n","protected":false},"excerpt":{"rendered":"<p>Grande s\u00e9lection soign\u00e9e de vins, alcools et mousseux pour toutes les occasions. Conseils avis\u00e9s pour les accords mets\/vins.<\/p>\n","protected":false},"featured_media":3349,"comment_status":"closed","ping_status":"closed","template":"","meta":{"wds_primary_product_cat":0},"product_cat":[58],"product_tag":[],"class_list":["post-2817","product","type-product","status-publish","has-post-thumbnail","hentry","product_cat-vins-et-alcools"],"_links":{"self":[{"href":"https:\/\/jardindesoliviers.be\/nl\/wp-json\/wp\/v2\/product\/2817","targetHints":{"allow":["GET"]}}],"collection":[{"href":"https:\/\/jardindesoliviers.be\/nl\/wp-json\/wp\/v2\/product"}],"about":[{"href":"https:\/\/jardindesoliviers.be\/nl\/wp-json\/wp\/v2\/types\/product"}],"replies":[{"embeddable":true,"href":"https:\/\/jardindesoliviers.be\/nl\/wp-json\/wp\/v2\/comments?post=2817"}],"wp:featuredmedia":[{"embeddable":true,"href":"https:\/\/jardindesoliviers.be\/nl\/wp-json\/wp\/v2\/media\/3349"}],"wp:attachment":[{"href":"https:\/\/jardindesoliviers.be\/nl\/wp-json\/wp\/v2\/media?parent=2817"}],"wp:term":[{"taxonomy":"product_cat","embeddable":true,"href":"https:\/\/jardindesoliviers.be\/nl\/wp-json\/wp\/v2\/product_cat?post=2817"},{"taxonomy":"product_tag","embeddable":true,"href":"https:\/\/jardindesoliviers.be\/nl\/wp-json\/wp\/v2\/product_tag?post=2817"}],"curies":[{"name":"wp","href":"https:\/\/api.w.org\/{rel}","templated":true}]}}