{"id":3021,"date":"2020-07-29T17:48:53","date_gmt":"2020-07-29T15:48:53","guid":{"rendered":"https:\/\/jardindesoliviers.be\/?post_type=product&#038;p=3021"},"modified":"2024-12-28T15:56:25","modified_gmt":"2024-12-28T14:56:25","slug":"sugo-pronto-di-pomodorini-puttanesca-320g","status":"publish","type":"product","link":"https:\/\/jardindesoliviers.be\/nl\/produit\/sugo-pronto-di-pomodorini-puttanesca-320g\/","title":{"rendered":"Sauce tomate \u00e0 la &#8220;Puttanesca&#8221; 320g"},"content":{"rendered":"","protected":false},"excerpt":{"rendered":"<p>Sauce tomate d\u00e9j\u00e0 pr\u00eate. Parfaite pour vos p\u00e2tes ou vos pizzas.<\/p>\n","protected":false},"featured_media":3030,"comment_status":"closed","ping_status":"closed","template":"","meta":{"wds_primary_product_cat":0},"product_cat":[38],"product_tag":[],"class_list":["post-3021","product","type-product","status-publish","has-post-thumbnail","hentry","product_cat-huiles-produits"],"_links":{"self":[{"href":"https:\/\/jardindesoliviers.be\/nl\/wp-json\/wp\/v2\/product\/3021","targetHints":{"allow":["GET"]}}],"collection":[{"href":"https:\/\/jardindesoliviers.be\/nl\/wp-json\/wp\/v2\/product"}],"about":[{"href":"https:\/\/jardindesoliviers.be\/nl\/wp-json\/wp\/v2\/types\/product"}],"replies":[{"embeddable":true,"href":"https:\/\/jardindesoliviers.be\/nl\/wp-json\/wp\/v2\/comments?post=3021"}],"wp:featuredmedia":[{"embeddable":true,"href":"https:\/\/jardindesoliviers.be\/nl\/wp-json\/wp\/v2\/media\/3030"}],"wp:attachment":[{"href":"https:\/\/jardindesoliviers.be\/nl\/wp-json\/wp\/v2\/media?parent=3021"}],"wp:term":[{"taxonomy":"product_cat","embeddable":true,"href":"https:\/\/jardindesoliviers.be\/nl\/wp-json\/wp\/v2\/product_cat?post=3021"},{"taxonomy":"product_tag","embeddable":true,"href":"https:\/\/jardindesoliviers.be\/nl\/wp-json\/wp\/v2\/product_tag?post=3021"}],"curies":[{"name":"wp","href":"https:\/\/api.w.org\/{rel}","templated":true}]}}