{"id":3254,"date":"2021-05-03T12:29:41","date_gmt":"2021-05-03T10:29:41","guid":{"rendered":"https:\/\/jardindesoliviers.be\/?post_type=product&#038;p=3254"},"modified":"2023-11-27T16:48:43","modified_gmt":"2023-11-27T15:48:43","slug":"pates-seches-de-gragnano-igp-pennette","status":"publish","type":"product","link":"https:\/\/jardindesoliviers.be\/nl\/produit\/pates-seches-de-gragnano-igp-pennette\/","title":{"rendered":"P\u00e2tes s\u00e8ches de Gragnano IGP"},"content":{"rendered":"<p>P\u00e2tes artisanales enti\u00e8rement produites \u00e0 la main par Gentile \u00e0 Gragnano (Napoli) depuis 1876. Mati\u00e8re premi\u00e8re provenant exclusivement du Sud de l&#8217;Italie. Conditionn\u00e9 en paquet de 500g.<\/p>\n<p>Bucatini \/ Calamaretti \/ Candele corte \/ Casarecce \/ Conchiglioni \/ Eliche \/ Gnocchetti \/ Lasagne \/ Linguine \/ Mafalde \/ Mista corta \/ Orecchiette napoletane\/ Paccheri \/ Papardelle \/ Penne \/ Pennette \/ Penne rigate \/ Pennette rigate \/ Rigatoni \/ Semini \/ Scialatelli \/ Spaghetti \/ Spaghetti chitarra \/ Tagliatelle \/ Tubettoni \/ Vesuvio<\/p>\n","protected":false},"excerpt":{"rendered":"<p>P\u00e2tes artisanales enti\u00e8rement produites \u00e0 la main par Gentile \u00e0 Gragnano (Napoli) depuis 1876. Mati\u00e8re premi\u00e8re provenant exclusivement du Sud de l&#8217;Italie. Conditionn\u00e9 en paquet de<span class=\"excerpt-hellip\"> [\u2026]<\/span><\/p>\n","protected":false},"featured_media":2118,"comment_status":"closed","ping_status":"closed","template":"","meta":{"wds_primary_product_cat":0},"product_cat":[39],"product_tag":[],"class_list":["post-3254","product","type-product","status-publish","has-post-thumbnail","hentry","product_cat-pates"],"_links":{"self":[{"href":"https:\/\/jardindesoliviers.be\/nl\/wp-json\/wp\/v2\/product\/3254","targetHints":{"allow":["GET"]}}],"collection":[{"href":"https:\/\/jardindesoliviers.be\/nl\/wp-json\/wp\/v2\/product"}],"about":[{"href":"https:\/\/jardindesoliviers.be\/nl\/wp-json\/wp\/v2\/types\/product"}],"replies":[{"embeddable":true,"href":"https:\/\/jardindesoliviers.be\/nl\/wp-json\/wp\/v2\/comments?post=3254"}],"wp:featuredmedia":[{"embeddable":true,"href":"https:\/\/jardindesoliviers.be\/nl\/wp-json\/wp\/v2\/media\/2118"}],"wp:attachment":[{"href":"https:\/\/jardindesoliviers.be\/nl\/wp-json\/wp\/v2\/media?parent=3254"}],"wp:term":[{"taxonomy":"product_cat","embeddable":true,"href":"https:\/\/jardindesoliviers.be\/nl\/wp-json\/wp\/v2\/product_cat?post=3254"},{"taxonomy":"product_tag","embeddable":true,"href":"https:\/\/jardindesoliviers.be\/nl\/wp-json\/wp\/v2\/product_tag?post=3254"}],"curies":[{"name":"wp","href":"https:\/\/api.w.org\/{rel}","templated":true}]}}