{"id":3356,"date":"2022-11-12T11:52:43","date_gmt":"2022-11-12T10:52:43","guid":{"rendered":"https:\/\/jardindesoliviers.be\/?post_type=product&#038;p=3356"},"modified":"2025-01-01T00:02:12","modified_gmt":"2024-12-31T23:02:12","slug":"trifulot-truffe-au-chocolat","status":"publish","type":"product","link":"https:\/\/jardindesoliviers.be\/nl\/produit\/trifulot-truffe-au-chocolat\/","title":{"rendered":"Triful\u00f2t (truffe au chocolat)"},"content":{"rendered":"<p>Entre la truffe au chocolat et la praline, une sp\u00e9cialit\u00e9 pi\u00e9montaise gourmande et d\u00e9licieuse. Disponible en vrac (prix au kg).<\/p>\n<p>Go\u00fbts: Caramel &amp; Beurre sal\u00e9 \/ Chocolat blanc &amp; noisettes \/ Chocolat noir &amp; noisettes \/ Pistaches \/ Chocolat noir Extra Dark \/ Capuccino \/ Cardamome.<\/p>\n","protected":false},"excerpt":{"rendered":"<p>Entre la truffe au chocolat et la praline, une sp\u00e9cialit\u00e9 pi\u00e9montaise gourmande et d\u00e9licieuse. Disponible en vrac (prix au kg). Go\u00fbts: Caramel &amp; Beurre sal\u00e9 \/<span class=\"excerpt-hellip\"> [\u2026]<\/span><\/p>\n","protected":false},"featured_media":3315,"comment_status":"closed","ping_status":"closed","template":"","meta":{"wds_primary_product_cat":0},"product_cat":[64],"product_tag":[],"class_list":["post-3356","product","type-product","status-publish","has-post-thumbnail","hentry","product_cat-douceurs"],"_links":{"self":[{"href":"https:\/\/jardindesoliviers.be\/nl\/wp-json\/wp\/v2\/product\/3356","targetHints":{"allow":["GET"]}}],"collection":[{"href":"https:\/\/jardindesoliviers.be\/nl\/wp-json\/wp\/v2\/product"}],"about":[{"href":"https:\/\/jardindesoliviers.be\/nl\/wp-json\/wp\/v2\/types\/product"}],"replies":[{"embeddable":true,"href":"https:\/\/jardindesoliviers.be\/nl\/wp-json\/wp\/v2\/comments?post=3356"}],"wp:featuredmedia":[{"embeddable":true,"href":"https:\/\/jardindesoliviers.be\/nl\/wp-json\/wp\/v2\/media\/3315"}],"wp:attachment":[{"href":"https:\/\/jardindesoliviers.be\/nl\/wp-json\/wp\/v2\/media?parent=3356"}],"wp:term":[{"taxonomy":"product_cat","embeddable":true,"href":"https:\/\/jardindesoliviers.be\/nl\/wp-json\/wp\/v2\/product_cat?post=3356"},{"taxonomy":"product_tag","embeddable":true,"href":"https:\/\/jardindesoliviers.be\/nl\/wp-json\/wp\/v2\/product_tag?post=3356"}],"curies":[{"name":"wp","href":"https:\/\/api.w.org\/{rel}","templated":true}]}}