{"id":3360,"date":"2022-11-12T12:25:16","date_gmt":"2022-11-12T11:25:16","guid":{"rendered":"https:\/\/jardindesoliviers.be\/?post_type=product&#038;p=3360"},"modified":"2025-03-26T14:58:52","modified_gmt":"2025-03-26T13:58:52","slug":"panettone-artisanal","status":"publish","type":"product","link":"https:\/\/jardindesoliviers.be\/nl\/produit\/panettone-artisanal\/","title":{"rendered":"Panettone artisanal &#8220;Gentile&#8221; 1kg (en p\u00e9riode de fin d&#8217;ann\u00e9e)"},"content":{"rendered":"<p>Disponible en trois versions: Classique \/ Abricots \/ Chocolat et uniquement en p\u00e9riode de f\u00eates de fin d&#8217;ann\u00e9e. Confection de luxe en 1kg.<\/p>\n","protected":false},"excerpt":{"rendered":"<p>Disponible en trois versions: Classique \/ Abricots \/ Chocolat et uniquement en p\u00e9riode de f\u00eates de fin d&#8217;ann\u00e9e. Confection de luxe en 1kg.<\/p>\n","protected":false},"featured_media":3728,"comment_status":"closed","ping_status":"closed","template":"","meta":{"wds_primary_product_cat":0},"product_cat":[64],"product_tag":[],"class_list":["post-3360","product","type-product","status-publish","has-post-thumbnail","hentry","product_cat-douceurs"],"_links":{"self":[{"href":"https:\/\/jardindesoliviers.be\/nl\/wp-json\/wp\/v2\/product\/3360","targetHints":{"allow":["GET"]}}],"collection":[{"href":"https:\/\/jardindesoliviers.be\/nl\/wp-json\/wp\/v2\/product"}],"about":[{"href":"https:\/\/jardindesoliviers.be\/nl\/wp-json\/wp\/v2\/types\/product"}],"replies":[{"embeddable":true,"href":"https:\/\/jardindesoliviers.be\/nl\/wp-json\/wp\/v2\/comments?post=3360"}],"wp:featuredmedia":[{"embeddable":true,"href":"https:\/\/jardindesoliviers.be\/nl\/wp-json\/wp\/v2\/media\/3728"}],"wp:attachment":[{"href":"https:\/\/jardindesoliviers.be\/nl\/wp-json\/wp\/v2\/media?parent=3360"}],"wp:term":[{"taxonomy":"product_cat","embeddable":true,"href":"https:\/\/jardindesoliviers.be\/nl\/wp-json\/wp\/v2\/product_cat?post=3360"},{"taxonomy":"product_tag","embeddable":true,"href":"https:\/\/jardindesoliviers.be\/nl\/wp-json\/wp\/v2\/product_tag?post=3360"}],"curies":[{"name":"wp","href":"https:\/\/api.w.org\/{rel}","templated":true}]}}