{"id":3603,"date":"2023-11-25T16:47:57","date_gmt":"2023-11-25T15:47:57","guid":{"rendered":"https:\/\/jardindesoliviers.be\/?post_type=product&#038;p=3603"},"modified":"2023-11-25T16:47:57","modified_gmt":"2023-11-25T15:47:57","slug":"jambon-iberico-bellota-48-mois-dop-desosse-et-decouenne","status":"publish","type":"product","link":"https:\/\/jardindesoliviers.be\/nl\/produit\/jambon-iberico-bellota-48-mois-dop-desosse-et-decouenne\/","title":{"rendered":"Jambon Iberico BELLOTA 48 mois DOP (d\u00e9soss\u00e9 et d\u00e9couenn\u00e9)"},"content":{"rendered":"<p>Prix au kg (+\/- 4,5kg la pi\u00e8ce)<\/p>\n","protected":false},"excerpt":{"rendered":"<p>Prix au kg (+\/- 4,5kg la pi\u00e8ce)<\/p>\n","protected":false},"featured_media":3604,"comment_status":"open","ping_status":"closed","template":"","meta":{"wds_primary_product_cat":0},"product_cat":[42],"product_tag":[],"class_list":["post-3603","product","type-product","status-publish","has-post-thumbnail","hentry","product_cat-salaisons"],"_links":{"self":[{"href":"https:\/\/jardindesoliviers.be\/nl\/wp-json\/wp\/v2\/product\/3603","targetHints":{"allow":["GET"]}}],"collection":[{"href":"https:\/\/jardindesoliviers.be\/nl\/wp-json\/wp\/v2\/product"}],"about":[{"href":"https:\/\/jardindesoliviers.be\/nl\/wp-json\/wp\/v2\/types\/product"}],"replies":[{"embeddable":true,"href":"https:\/\/jardindesoliviers.be\/nl\/wp-json\/wp\/v2\/comments?post=3603"}],"wp:featuredmedia":[{"embeddable":true,"href":"https:\/\/jardindesoliviers.be\/nl\/wp-json\/wp\/v2\/media\/3604"}],"wp:attachment":[{"href":"https:\/\/jardindesoliviers.be\/nl\/wp-json\/wp\/v2\/media?parent=3603"}],"wp:term":[{"taxonomy":"product_cat","embeddable":true,"href":"https:\/\/jardindesoliviers.be\/nl\/wp-json\/wp\/v2\/product_cat?post=3603"},{"taxonomy":"product_tag","embeddable":true,"href":"https:\/\/jardindesoliviers.be\/nl\/wp-json\/wp\/v2\/product_tag?post=3603"}],"curies":[{"name":"wp","href":"https:\/\/api.w.org\/{rel}","templated":true}]}}